{"id":714,"date":"2025-07-01T05:14:31","date_gmt":"2025-07-01T05:14:31","guid":{"rendered":"https:\/\/wp.dev.gsq.app\/?page_id=714"},"modified":"2025-07-04T03:55:39","modified_gmt":"2025-07-04T03:55:39","slug":"finance","status":"publish","type":"page","link":"https:\/\/wp.dev.gsq.app\/?page_id=714","title":{"rendered":"FINANCE"},"content":{"rendered":"\t\t<div data-elementor-type=\"wp-page\" data-elementor-id=\"714\" class=\"elementor elementor-714\">\n\t\t\t\t<div class=\"elementor-element elementor-element-e35c014 main e-flex e-con-boxed e-con e-parent\" data-id=\"e35c014\" data-element_type=\"container\">\n\t\t\t\t\t<div class=\"e-con-inner\">\n\t\t<div class=\"elementor-element elementor-element-c8dd085 heading-header e-flex e-con-boxed e-con e-child\" data-id=\"c8dd085\" data-element_type=\"container\" data-settings=\"{&quot;position&quot;:&quot;absolute&quot;}\">\n\t\t\t\t\t<div class=\"e-con-inner\">\n\t\t<div class=\"elementor-element elementor-element-d70b5ff e-con-full e-flex e-con e-child\" data-id=\"d70b5ff\" data-element_type=\"container\" id=\"center-content\">\n\t\t\t\t<div class=\"elementor-element elementor-element-761c6ed elementor-widget-tablet__width-initial elementor-widget-mobile__width-initial elementor-widget__width-inherit main-heading elementor-widget elementor-widget-heading\" data-id=\"761c6ed\" data-element_type=\"widget\" data-widget_type=\"heading.default\">\n\t\t\t\t<div class=\"elementor-widget-container\">\n\t\t\t\t\t<h1 class=\"elementor-heading-title elementor-size-default\">Finanzboutique<\/h1>\t\t\t\t<\/div>\n\t\t\t\t<\/div>\n\t\t\t\t<div class=\"elementor-element elementor-element-00d17ef elementor-widget__width-auto elementor-widget elementor-widget-button\" data-id=\"00d17ef\" data-element_type=\"widget\" data-widget_type=\"button.default\">\n\t\t\t\t<div class=\"elementor-widget-container\">\n\t\t\t\t\t\t\t\t\t<div class=\"elementor-button-wrapper\">\n\t\t\t\t\t<a class=\"elementor-button elementor-button-link elementor-size-sm\" href=\"https:\/\/urbanek.wien\/kontakt\" target=\"_blank\">\n\t\t\t\t\t\t<span class=\"elementor-button-content-wrapper\">\n\t\t\t\t\t\t\t\t\t<span class=\"elementor-button-text\">Kontakt aufnehmen<\/span>\n\t\t\t\t\t<\/span>\n\t\t\t\t\t<\/a>\n\t\t\t\t<\/div>\n\t\t\t\t\t\t\t\t<\/div>\n\t\t\t\t<\/div>\n\t\t\t\t<\/div>\n\t\t\t\t\t<\/div>\n\t\t\t\t<\/div>\n\t\t<div class=\"elementor-element elementor-element-22ca471 e-con-full e-flex e-con e-child\" data-id=\"22ca471\" data-element_type=\"container\" data-settings=\"{&quot;background_background&quot;:&quot;classic&quot;}\">\n\t\t<div class=\"elementor-element elementor-element-35e6ab9 e-con-full overlay e-flex e-con e-child\" data-id=\"35e6ab9\" data-element_type=\"container\" id=\"banner\" data-settings=\"{&quot;background_background&quot;:&quot;classic&quot;}\">\n\t\t\t\t<\/div>\n\t\t<div class=\"elementor-element elementor-element-35ff1a4 e-con-full elementor-hidden-mobile elementor-hidden-tablet elementor-hidden-mobile_extra e-flex e-con e-child\" data-id=\"35ff1a4\" data-element_type=\"container\" data-settings=\"{&quot;background_background&quot;:&quot;classic&quot;}\">\n\t\t\t\t<\/div>\n\t\t\t\t<\/div>\n\t\t\t\t\t<\/div>\n\t\t\t\t<\/div>\n\t\t<div class=\"elementor-element elementor-element-1958bad e-flex e-con-boxed e-con e-parent\" data-id=\"1958bad\" data-element_type=\"container\">\n\t\t\t\t\t<div class=\"e-con-inner\">\n\t\t<div class=\"elementor-element elementor-element-8daabab e-con-full e-flex e-con e-child\" data-id=\"8daabab\" data-element_type=\"container\">\n\t\t\t\t<div class=\"elementor-element elementor-element-0cc3d67 elementor-widget elementor-widget-heading\" data-id=\"0cc3d67\" data-element_type=\"widget\" data-widget_type=\"heading.default\">\n\t\t\t\t<div class=\"elementor-widget-container\">\n\t\t\t\t\t<h2 class=\"elementor-heading-title elementor-size-default\">Urbanek Finance<\/h2>\t\t\t\t<\/div>\n\t\t\t\t<\/div>\n\t\t\t\t<div class=\"elementor-element elementor-element-83f1abb elementor-widget__width-initial elementor-widget-tablet__width-initial elementor-widget elementor-widget-text-editor\" data-id=\"83f1abb\" data-element_type=\"widget\" data-widget_type=\"text-editor.default\">\n\t\t\t\t<div class=\"elementor-widget-container\">\n\t\t\t\t\t\t\t\t\t<p>Die unabh\u00e4ngige Finanzboutique Urbanek Finance verf\u00fcgt \u00fcber langj\u00e4hrige Erfahrung sowie Expertise im Bereich der Finanzierung von Immobilien und Immobilienprojekten. Wir entwickeln f\u00fcr Sie effiziente Finanzierungsstrategien und bieten ma\u00dfgeschneiderte L\u00f6sungen wie Senior Loans, Junior Loans, Mezzanine Capital, Bridge Loans und vieles mehr.<\/p><p>Unsere Expertise erstreckt sich auch auf die Restrukturierung und Neuverhandlung bestehender Finanzierungen, die Umstrukturierung von Immobilienprojekten sowie die insolvenzrechtliche Beratung und Unterst\u00fctzung. Neben Dr. Christoph Urbanek MRICS, der \u00fcber jahrzehntelange Erfahrung verf\u00fcgt, steht Ihnen unser erfahrenes Team von Spezialisten aus den Bereichen Real Estate und Financial Consulting sowie qualifizierte Senior Associates und Paralegals zur Verf\u00fcgung.<\/p>\t\t\t\t\t\t\t\t<\/div>\n\t\t\t\t<\/div>\n\t\t\t\t<\/div>\n\t\t<div class=\"elementor-element elementor-element-c8fe696 e-con-full purple-box e-flex e-con e-child\" data-id=\"c8fe696\" data-element_type=\"container\">\n\t\t<div class=\"elementor-element elementor-element-933af97 e-con-full e-flex e-con e-child\" data-id=\"933af97\" data-element_type=\"container\" data-settings=\"{&quot;background_background&quot;:&quot;classic&quot;}\">\n\t\t<div class=\"elementor-element elementor-element-c0ffb65 e-grid e-con-full e-con e-child\" data-id=\"c0ffb65\" data-element_type=\"container\">\n\t\t<div class=\"elementor-element elementor-element-42ba090 e-con-full e-flex e-con e-child\" data-id=\"42ba090\" data-element_type=\"container\">\n\t\t\t\t<div class=\"elementor-element elementor-element-4533e43 elementor-widget-laptop__width-initial number elementor-widget elementor-widget-heading\" data-id=\"4533e43\" data-element_type=\"widget\" data-widget_type=\"heading.default\">\n\t\t\t\t<div class=\"elementor-widget-container\">\n\t\t\t\t\t<h2 class=\"elementor-heading-title elementor-size-default\">01<\/h2>\t\t\t\t<\/div>\n\t\t\t\t<\/div>\n\t\t\t\t<div class=\"elementor-element elementor-element-4763c46 elementor-widget elementor-widget-heading\" data-id=\"4763c46\" data-element_type=\"widget\" data-widget_type=\"heading.default\">\n\t\t\t\t<div class=\"elementor-widget-container\">\n\t\t\t\t\t<h2 class=\"elementor-heading-title elementor-size-default\">Klassische Bank Finanzierung<\/h2>\t\t\t\t<\/div>\n\t\t\t\t<\/div>\n\t\t\t\t<\/div>\n\t\t<div class=\"elementor-element elementor-element-2aeb7e4 e-con-full e-flex e-con e-child\" data-id=\"2aeb7e4\" data-element_type=\"container\">\n\t\t\t\t<div class=\"elementor-element elementor-element-263dfe2 elementor-widget-laptop__width-initial elementor-widget elementor-widget-heading\" data-id=\"263dfe2\" data-element_type=\"widget\" data-widget_type=\"heading.default\">\n\t\t\t\t<div class=\"elementor-widget-container\">\n\t\t\t\t\t<h2 class=\"elementor-heading-title elementor-size-default\">02<\/h2>\t\t\t\t<\/div>\n\t\t\t\t<\/div>\n\t\t\t\t<div class=\"elementor-element elementor-element-db137ba elementor-widget elementor-widget-heading\" data-id=\"db137ba\" data-element_type=\"widget\" data-widget_type=\"heading.default\">\n\t\t\t\t<div class=\"elementor-widget-container\">\n\t\t\t\t\t<h2 class=\"elementor-heading-title elementor-size-default\">Mezzanine Kapital<\/h2>\t\t\t\t<\/div>\n\t\t\t\t<\/div>\n\t\t\t\t<\/div>\n\t\t<div class=\"elementor-element elementor-element-193a215 e-con-full e-flex e-con e-child\" data-id=\"193a215\" data-element_type=\"container\">\n\t\t\t\t<div class=\"elementor-element elementor-element-ed98cf3 elementor-widget-laptop__width-initial elementor-widget elementor-widget-heading\" data-id=\"ed98cf3\" data-element_type=\"widget\" data-widget_type=\"heading.default\">\n\t\t\t\t<div class=\"elementor-widget-container\">\n\t\t\t\t\t<h2 class=\"elementor-heading-title elementor-size-default\">03<\/h2>\t\t\t\t<\/div>\n\t\t\t\t<\/div>\n\t\t\t\t<div class=\"elementor-element elementor-element-2fe1d9b elementor-widget elementor-widget-heading\" data-id=\"2fe1d9b\" data-element_type=\"widget\" data-widget_type=\"heading.default\">\n\t\t\t\t<div class=\"elementor-widget-container\">\n\t\t\t\t\t<h2 class=\"elementor-heading-title elementor-size-default\">Senior Loans<\/h2>\t\t\t\t<\/div>\n\t\t\t\t<\/div>\n\t\t\t\t<\/div>\n\t\t<div class=\"elementor-element elementor-element-bbc33c6 e-con-full e-flex e-con e-child\" data-id=\"bbc33c6\" data-element_type=\"container\">\n\t\t\t\t<div class=\"elementor-element elementor-element-4bffa4a elementor-widget-laptop__width-initial elementor-widget elementor-widget-heading\" data-id=\"4bffa4a\" data-element_type=\"widget\" data-widget_type=\"heading.default\">\n\t\t\t\t<div class=\"elementor-widget-container\">\n\t\t\t\t\t<h2 class=\"elementor-heading-title elementor-size-default\">04<\/h2>\t\t\t\t<\/div>\n\t\t\t\t<\/div>\n\t\t\t\t<div class=\"elementor-element elementor-element-cd2a527 elementor-widget elementor-widget-heading\" data-id=\"cd2a527\" data-element_type=\"widget\" data-widget_type=\"heading.default\">\n\t\t\t\t<div class=\"elementor-widget-container\">\n\t\t\t\t\t<h2 class=\"elementor-heading-title elementor-size-default\">Whole Loans<\/h2>\t\t\t\t<\/div>\n\t\t\t\t<\/div>\n\t\t\t\t<\/div>\n\t\t<div class=\"elementor-element elementor-element-146edef e-con-full e-flex e-con e-child\" data-id=\"146edef\" data-element_type=\"container\">\n\t\t\t\t<div class=\"elementor-element elementor-element-cd4396f elementor-widget-laptop__width-initial elementor-widget elementor-widget-heading\" data-id=\"cd4396f\" data-element_type=\"widget\" data-widget_type=\"heading.default\">\n\t\t\t\t<div class=\"elementor-widget-container\">\n\t\t\t\t\t<h2 class=\"elementor-heading-title elementor-size-default\">05<\/h2>\t\t\t\t<\/div>\n\t\t\t\t<\/div>\n\t\t\t\t<div class=\"elementor-element elementor-element-2004a53 elementor-widget elementor-widget-heading\" data-id=\"2004a53\" data-element_type=\"widget\" data-widget_type=\"heading.default\">\n\t\t\t\t<div class=\"elementor-widget-container\">\n\t\t\t\t\t<h2 class=\"elementor-heading-title elementor-size-default\">Bridge Finanzierung<\/h2>\t\t\t\t<\/div>\n\t\t\t\t<\/div>\n\t\t\t\t<\/div>\n\t\t<div class=\"elementor-element elementor-element-c588036 e-con-full e-flex e-con e-child\" data-id=\"c588036\" data-element_type=\"container\">\n\t\t\t\t<div class=\"elementor-element elementor-element-362b614 elementor-widget-laptop__width-initial elementor-widget elementor-widget-heading\" data-id=\"362b614\" data-element_type=\"widget\" data-widget_type=\"heading.default\">\n\t\t\t\t<div class=\"elementor-widget-container\">\n\t\t\t\t\t<h2 class=\"elementor-heading-title elementor-size-default\">06<\/h2>\t\t\t\t<\/div>\n\t\t\t\t<\/div>\n\t\t\t\t<div class=\"elementor-element elementor-element-5cb97d5 elementor-widget elementor-widget-heading\" data-id=\"5cb97d5\" data-element_type=\"widget\" data-widget_type=\"heading.default\">\n\t\t\t\t<div class=\"elementor-widget-container\">\n\t\t\t\t\t<h2 class=\"elementor-heading-title elementor-size-default\">Maklerdienstleistung<\/h2>\t\t\t\t<\/div>\n\t\t\t\t<\/div>\n\t\t\t\t<\/div>\n\t\t\t\t<\/div>\n\t\t\t\t<\/div>\n\t\t\t\t<\/div>\n\t\t\t\t\t<\/div>\n\t\t\t\t<\/div>\n\t\t<div class=\"elementor-element elementor-element-a13d687 e-flex e-con-boxed e-con e-parent\" data-id=\"a13d687\" data-element_type=\"container\" data-settings=\"{&quot;background_background&quot;:&quot;classic&quot;}\">\n\t\t\t\t\t<div class=\"e-con-inner\">\n\t\t<div class=\"elementor-element elementor-element-e66dc26 e-con-full e-flex e-con e-child\" data-id=\"e66dc26\" data-element_type=\"container\" data-settings=\"{&quot;background_background&quot;:&quot;classic&quot;}\">\n\t\t<div class=\"elementor-element elementor-element-dbafae5 e-flex e-con-boxed e-con e-child\" data-id=\"dbafae5\" data-element_type=\"container\">\n\t\t\t\t\t<div class=\"e-con-inner\">\n\t\t\t\t<div class=\"elementor-element elementor-element-26a96bb elementor-widget__width-initial elementor-widget elementor-widget-heading\" data-id=\"26a96bb\" data-element_type=\"widget\" data-widget_type=\"heading.default\">\n\t\t\t\t<div class=\"elementor-widget-container\">\n\t\t\t\t\t<h2 class=\"elementor-heading-title elementor-size-default\">01<\/h2>\t\t\t\t<\/div>\n\t\t\t\t<\/div>\n\t\t\t\t<div class=\"elementor-element elementor-element-d9543dd elementor-widget-divider--view-line elementor-widget elementor-widget-divider\" data-id=\"d9543dd\" data-element_type=\"widget\" data-widget_type=\"divider.default\">\n\t\t\t\t<div class=\"elementor-widget-container\">\n\t\t\t\t\t\t\t<div class=\"elementor-divider\">\n\t\t\t<span class=\"elementor-divider-separator\">\n\t\t\t\t\t\t<\/span>\n\t\t<\/div>\n\t\t\t\t\t\t<\/div>\n\t\t\t\t<\/div>\n\t\t\t\t\t<\/div>\n\t\t\t\t<\/div>\n\t\t\t\t<\/div>\n\t\t<div class=\"elementor-element elementor-element-1380c86 e-con-full e-flex e-con e-child\" data-id=\"1380c86\" data-element_type=\"container\">\n\t\t<div class=\"elementor-element elementor-element-9140c0e e-con-full e-flex e-con e-child\" data-id=\"9140c0e\" data-element_type=\"container\">\n\t\t\t\t<div class=\"elementor-element elementor-element-5b32dd2 elementor-widget elementor-widget-image\" data-id=\"5b32dd2\" data-element_type=\"widget\" data-widget_type=\"image.default\">\n\t\t\t\t<div class=\"elementor-widget-container\">\n\t\t\t\t\t\t\t\t\t\t\t\t\t\t\t<img decoding=\"async\" src=\"https:\/\/wp.dev.gsq.app\/wp-content\/uploads\/2025\/07\/urbanek_finance_01.webp\" title=\"urbanek_finance_01\" alt=\"urbanek_finance_01\" loading=\"lazy\" \/>\t\t\t\t\t\t\t\t\t\t\t\t\t\t\t<\/div>\n\t\t\t\t<\/div>\n\t\t\t\t<\/div>\n\t\t<div class=\"elementor-element elementor-element-4d2a91f e-con-full e-flex e-con e-child\" data-id=\"4d2a91f\" data-element_type=\"container\">\n\t\t\t\t<div class=\"elementor-element elementor-element-6409de1 elementor-widget elementor-widget-heading\" data-id=\"6409de1\" data-element_type=\"widget\" data-widget_type=\"heading.default\">\n\t\t\t\t<div class=\"elementor-widget-container\">\n\t\t\t\t\t<h2 class=\"elementor-heading-title elementor-size-default\">Zuverl\u00e4ssige Grundlage f\u00fcr Ihre Projekte<\/h2>\t\t\t\t<\/div>\n\t\t\t\t<\/div>\n\t\t\t\t<div class=\"elementor-element elementor-element-0f5148e elementor-widget elementor-widget-heading\" data-id=\"0f5148e\" data-element_type=\"widget\" data-widget_type=\"heading.default\">\n\t\t\t\t<div class=\"elementor-widget-container\">\n\t\t\t\t\t<h2 class=\"elementor-heading-title elementor-size-default\">Klassische Bank <br> Finanzierung<\/h2>\t\t\t\t<\/div>\n\t\t\t\t<\/div>\n\t\t\t\t<div class=\"elementor-element elementor-element-d02071a elementor-widget elementor-widget-text-editor\" data-id=\"d02071a\" data-element_type=\"widget\" data-widget_type=\"text-editor.default\">\n\t\t\t\t<div class=\"elementor-widget-container\">\n\t\t\t\t\t\t\t\t\t<p>M\u00f6chten Sie den Eigenkapitalanteil bei Ihrem Immobilienprojekt reduzieren oder ein Vorhaben realisieren, das allein durch Bankkredite nicht vollst\u00e4ndig finanzierbar ist? Klassische Bankfinanzierungen bieten eine zuverl\u00e4ssige Grundlage f\u00fcr Ihre Projekte und k\u00f6nnen durch diverse Finanzierungsformen sinnvoll erg\u00e4nzt werden, um Ihre Investitionsziele zu erreichen.<\/p><p>Unsere Kanzlei ber\u00e4t Sie umfassend bei der Auswahl und Strukturierung von Bankkrediten. Wir verhandeln f\u00fcr Sie optimale Konditionen und begleiten Sie w\u00e4hrend des gesamten Finanzierungsprozess, von der ersten Planung bis zur finalen Umsetzung. Unser Know-how und unsere fundierten Kenntnisse des Finanzmarktes sichern Ihnen ma\u00dfgeschneiderte Finanzierungsl\u00f6sungen, die exakt auf Ihre Bed\u00fcrfnisse und Projekte abgestimmt sind. Vertrauen Sie auf unsere Erfahrung, um Ihre Immobilienprojekte erfolgreich und effizient zu finanzieren.<\/p>\t\t\t\t\t\t\t\t<\/div>\n\t\t\t\t<\/div>\n\t\t\t\t<\/div>\n\t\t\t\t<\/div>\n\t\t\t\t\t<\/div>\n\t\t\t\t<\/div>\n\t\t\t\t<\/div>\n\t\t","protected":false},"excerpt":{"rendered":"<p>Finanzboutique Kontakt aufnehmen Urbanek Finance Die unabh\u00e4ngige Finanzboutique Urbanek Finance verf\u00fcgt \u00fcber langj\u00e4hrige Erfahrung sowie Expertise im Bereich der Finanzierung von Immobilien und Immobilienprojekten. Wir entwickeln f\u00fcr Sie effiziente Finanzierungsstrategien und bieten ma\u00dfgeschneiderte L\u00f6sungen wie Senior Loans, Junior Loans, Mezzanine Capital, Bridge Loans und vieles mehr. Unsere Expertise erstreckt sich auch auf die Restrukturierung und [&hellip;]<\/p>\n","protected":false},"author":1,"featured_media":0,"parent":0,"menu_order":0,"comment_status":"closed","ping_status":"closed","template":"","meta":{"footnotes":""},"class_list":["post-714","page","type-page","status-publish","hentry"],"_links":{"self":[{"href":"https:\/\/wp.dev.gsq.app\/index.php?rest_route=\/wp\/v2\/pages\/714","targetHints":{"allow":["GET"]}}],"collection":[{"href":"https:\/\/wp.dev.gsq.app\/index.php?rest_route=\/wp\/v2\/pages"}],"about":[{"href":"https:\/\/wp.dev.gsq.app\/index.php?rest_route=\/wp\/v2\/types\/page"}],"author":[{"embeddable":true,"href":"https:\/\/wp.dev.gsq.app\/index.php?rest_route=\/wp\/v2\/users\/1"}],"replies":[{"embeddable":true,"href":"https:\/\/wp.dev.gsq.app\/index.php?rest_route=%2Fwp%2Fv2%2Fcomments&post=714"}],"version-history":[{"count":5,"href":"https:\/\/wp.dev.gsq.app\/index.php?rest_route=\/wp\/v2\/pages\/714\/revisions"}],"predecessor-version":[{"id":3053,"href":"https:\/\/wp.dev.gsq.app\/index.php?rest_route=\/wp\/v2\/pages\/714\/revisions\/3053"}],"wp:attachment":[{"href":"https:\/\/wp.dev.gsq.app\/index.php?rest_route=%2Fwp%2Fv2%2Fmedia&parent=714"}],"curies":[{"name":"wp","href":"https:\/\/api.w.org\/{rel}","templated":true}]}}